{"id":943,"date":"2016-05-18T11:19:37","date_gmt":"2016-05-18T09:19:37","guid":{"rendered":"http:\/\/www.3pplast.it\/es\/note-legali\/"},"modified":"2016-05-31T15:33:54","modified_gmt":"2016-05-31T13:33:54","slug":"aviso-legal","status":"publish","type":"page","link":"https:\/\/3pplast.it\/es\/aviso-legal\/","title":{"rendered":"Aviso legal"},"content":{"rendered":"<h3>POL\u00cdTICA DE INFORMACI\u00d3N DE DATOS PERSONALES<\/h3>\n<p>&nbsp;<\/p>\n<p>Los datos personales enviados mediante los formularios presentes en el sitio web se tratar\u00e1n con herramientas tanto electr\u00f3nicas como manuales, dentro del cumplimiento de todas las medidas de seguridad oportunas para garantizar su confidencialidad e integridad, con el fin \u00fanico de responder lo mejor posible a la solicitud recibida.<\/p>\n<p>Los datos marcados como obligatorios son necesarios para poder tramitar la solicitud de informaci\u00f3n y, en su ausencia, no podremos proporcionar ninguna respuesta.<br \/>\nLos datos tratados no se comunicar\u00e1n a terceros sin el consentimiento previo del interesado. El interesado podr\u00e1 en todo momento conocer qu\u00e9 datos obran en nuestro poder y c\u00f3mo los utilizamos, pedir su cancelaci\u00f3n, transformaci\u00f3n en forma an\u00f3nima o el bloqueo de los datos tratados de manera no conforme a la ley, as\u00ed como actualizar, rectificar o, si lo desea, integrar los datos o bien oponerse a su tratamiento.<br \/>\n\u00danicamente si as\u00ed lo consiente, los datos se utilizar\u00e1n tambi\u00e9n para realizar an\u00e1lisis estad\u00edsticos, estudios de mercado y para enviar informaci\u00f3n comercial acerca de los productos y las iniciativas promocionales de 3P Plast S.r.l..<\/p>\n<p>El Responsable del tratamiento al que debe dirigirse el interesado para ejercitar sus derechos es Andrea Pegoraro &#8211; Via Boschi, 10 - 35014 Fontaniva PD.<br \/>\nAl final del formulario, tiene la posibilidad de dar su consentimiento para el tratamiento de los datos con el fin de realizar an\u00e1lisis estad\u00edsticos, estudios de mercado y para recibir informaci\u00f3n comercial acerca de los productos y las iniciativas promocionales de 3P Plast S.r.l..<\/p>\n<p>&nbsp;<\/p>\n<h3>El propietario del sitio es:<\/h3>\nAndrea Pegoraro\n<p>IVA <span class=\"link_powered\">IT 00 049 880 289<\/span><\/p>\n<p>e-mail: <span class=\"testo_ricerca\"><a class=\"link_indirizzoazienda1\" href=\"mailto:info@3pplast.it\">info@3pplast.it<\/a><\/span><\/p>\n<p>site: https:\/\/3pplast.it\/<\/p>\n<p>Ver la Nota informativa sobre la <a href=\"\/es\/politica-de-privacidad\/\">pol\u00edtica de privacidad<\/a><\/p>\n","protected":false},"excerpt":{"rendered":"<p>POL\u00cdTICA DE INFORMACI\u00d3N DE DATOS PERSONALES &nbsp; Los datos personales enviados mediante los formularios presentes en el sitio web se tratar\u00e1n con herramientas tanto electr\u00f3nicas como manuales, dentro del cumplimiento de todas las medidas de seguridad oportunas para garantizar su confidencialidad e integridad, con el fin \u00fanico de responder lo mejor posible a la solicitud [&hellip;]<\/p>\n","protected":false},"author":15,"featured_media":0,"parent":0,"menu_order":77,"comment_status":"closed","ping_status":"closed","template":"","meta":{"_acf_changed":false,"footnotes":""},"class_list":["post-943","page","type-page","status-publish","hentry"],"acf":[],"_links":{"self":[{"href":"https:\/\/3pplast.it\/es\/wp-json\/wp\/v2\/pages\/943","targetHints":{"allow":["GET"]}}],"collection":[{"href":"https:\/\/3pplast.it\/es\/wp-json\/wp\/v2\/pages"}],"about":[{"href":"https:\/\/3pplast.it\/es\/wp-json\/wp\/v2\/types\/page"}],"author":[{"embeddable":true,"href":"https:\/\/3pplast.it\/es\/wp-json\/wp\/v2\/users\/15"}],"replies":[{"embeddable":true,"href":"https:\/\/3pplast.it\/es\/wp-json\/wp\/v2\/comments?post=943"}],"version-history":[{"count":3,"href":"https:\/\/3pplast.it\/es\/wp-json\/wp\/v2\/pages\/943\/revisions"}],"predecessor-version":[{"id":950,"href":"https:\/\/3pplast.it\/es\/wp-json\/wp\/v2\/pages\/943\/revisions\/950"}],"wp:attachment":[{"href":"https:\/\/3pplast.it\/es\/wp-json\/wp\/v2\/media?parent=943"}],"curies":[{"name":"wp","href":"https:\/\/api.w.org\/{rel}","templated":true}]}}