{"id":891,"date":"2016-05-11T14:53:24","date_gmt":"2016-05-11T12:53:24","guid":{"rendered":"http:\/\/www.3pplast.it\/es\/prodotti\/"},"modified":"2016-06-07T10:23:20","modified_gmt":"2016-06-07T08:23:20","slug":"produccion-de-materias-plasticas-productos","status":"publish","type":"page","link":"https:\/\/3pplast.it\/es\/produccion-de-materias-plasticas-productos\/","title":{"rendered":"Productos"},"content":{"rendered":"<p>Gracias a su competencia profesional, su versatilidad y el deseo de satisfacer plenamente los requisitos de los clientes, 3P Plast dispone de un surtido cat\u00e1logo de productos para ofrecer al cliente la respuesta id\u00f3nea en t\u00e9rminos de calidad\/precio.<\/p>\n","protected":false},"excerpt":{"rendered":"<p>Gracias a su competencia profesional, su versatilidad y el deseo de satisfacer plenamente los requisitos de los clientes, 3P Plast dispone de un surtido cat\u00e1logo de productos para ofrecer al cliente la respuesta id\u00f3nea en t\u00e9rminos de calidad\/precio.<\/p>\n","protected":false},"author":15,"featured_media":0,"parent":0,"menu_order":47,"comment_status":"closed","ping_status":"closed","template":"prodotti.php","meta":{"_acf_changed":false,"footnotes":""},"class_list":["post-891","page","type-page","status-publish","hentry"],"acf":[],"_links":{"self":[{"href":"https:\/\/3pplast.it\/es\/wp-json\/wp\/v2\/pages\/891","targetHints":{"allow":["GET"]}}],"collection":[{"href":"https:\/\/3pplast.it\/es\/wp-json\/wp\/v2\/pages"}],"about":[{"href":"https:\/\/3pplast.it\/es\/wp-json\/wp\/v2\/types\/page"}],"author":[{"embeddable":true,"href":"https:\/\/3pplast.it\/es\/wp-json\/wp\/v2\/users\/15"}],"replies":[{"embeddable":true,"href":"https:\/\/3pplast.it\/es\/wp-json\/wp\/v2\/comments?post=891"}],"version-history":[{"count":2,"href":"https:\/\/3pplast.it\/es\/wp-json\/wp\/v2\/pages\/891\/revisions"}],"predecessor-version":[{"id":894,"href":"https:\/\/3pplast.it\/es\/wp-json\/wp\/v2\/pages\/891\/revisions\/894"}],"wp:attachment":[{"href":"https:\/\/3pplast.it\/es\/wp-json\/wp\/v2\/media?parent=891"}],"curies":[{"name":"wp","href":"https:\/\/api.w.org\/{rel}","templated":true}]}}