{"id":3512,"date":"2016-06-07T15:49:05","date_gmt":"2016-06-07T13:49:05","guid":{"rendered":"http:\/\/www.3pplast.it\/es\/dati-tecnici-strutturali-kappax-h5-h50\/"},"modified":"2016-06-07T16:01:47","modified_gmt":"2016-06-07T14:01:47","slug":"datos-tecnicos-kappax-h5-h50","status":"publish","type":"page","link":"https:\/\/3pplast.it\/es\/datos-tecnicos-kappax-h5-h50\/","title":{"rendered":"Datos t\u00e9cnicos Kappax H5-H50"},"content":{"rendered":"<div style=\"text-align: left;\">\n<h3>Tabla de predimensionamiento<\/h3>\n<p><a href=\"https:\/\/3pplast.it\/wp-content\/uploads\/2016\/06\/multik_gr_spa.jpg\"><img loading=\"lazy\" decoding=\"async\" class=\"wp-image-3520 size-full aligncenter\" src=\"https:\/\/3pplast.it\/wp-content\/uploads\/2016\/06\/multik_gr_spa.jpg\" width=\"800\" height=\"477\" srcset=\"https:\/\/3pplast.it\/wp-content\/uploads\/2016\/06\/multik_gr_spa.jpg 800w, https:\/\/3pplast.it\/wp-content\/uploads\/2016\/06\/multik_gr_spa-300x179.jpg 300w, https:\/\/3pplast.it\/wp-content\/uploads\/2016\/06\/multik_gr_spa-768x458.jpg 768w\" sizes=\"auto, (max-width: 800px) 100vw, 800px\" \/><\/a><\/p>\n<p>La tabla ofrece el valor de la carga m\u00e1xima aplicable, obtenido de la suma de accidental y permanente, en funci\u00f3n del espesor de la losa superior y del tipo de mallazo electrosoldado.<\/p>\n<p>Adem\u00e1s, est\u00e1 marcado con colores diferentes el mecanismo de rotura de la losa. Para condiciones de carga especiales (por ejemplo, cargas concentradas) es necesario un estudio profundizado.<\/p>\n<p>&nbsp;<\/p>\n<h3>M\u00c1XIMA PRESI\u00d3N EN EL TERRENO<br \/>\nCarga distribuida en funci\u00f3n del tipo de hormig\u00f3n magro<\/h3>\n<p>Tabla de caracter\u00edsticas geom\u00e9tricas<\/p>\n<p><a href=\"https:\/\/3pplast.it\/wp-content\/uploads\/2016\/06\/multik2_gr_spa.jpg\"><img loading=\"lazy\" decoding=\"async\" class=\"wp-image-3500 size-full aligncenter\" src=\"https:\/\/3pplast.it\/wp-content\/uploads\/2016\/06\/multik2_gr_spa.jpg\" width=\"800\" height=\"437\" srcset=\"https:\/\/3pplast.it\/wp-content\/uploads\/2016\/06\/multik2_gr_spa.jpg 800w, https:\/\/3pplast.it\/wp-content\/uploads\/2016\/06\/multik2_gr_spa-300x164.jpg 300w, https:\/\/3pplast.it\/wp-content\/uploads\/2016\/06\/multik2_gr_spa-768x420.jpg 768w\" sizes=\"auto, (max-width: 800px) 100vw, 800px\" \/><\/a><\/p>\n<p>En este gr\u00e1fico se indican las curvas que describen la evoluci\u00f3n de la m\u00e1xima presi\u00f3n en el terreno en funci\u00f3n de la carga distribuida en la losa.<br \/>\nSeg\u00fan el valor de la carga, el espesor y el tipo de hormig\u00f3n magro (armado o no) se obtiene el valor de la presi\u00f3n m\u00e1xima en el terreno.<br \/>\n0,1 N\/mm\u00b2 =1 kg\/cm\u00b2<\/p>\n<p><a href=\"https:\/\/3pplast.it\/wp-content\/uploads\/2016\/06\/multik3_gr_spa.jpg\"><img loading=\"lazy\" decoding=\"async\" class=\"wp-image-3509 size-full aligncenter\" src=\"https:\/\/3pplast.it\/wp-content\/uploads\/2016\/06\/multik3_gr_spa.jpg\" width=\"800\" height=\"916\" srcset=\"https:\/\/3pplast.it\/wp-content\/uploads\/2016\/06\/multik3_gr_spa.jpg 800w, https:\/\/3pplast.it\/wp-content\/uploads\/2016\/06\/multik3_gr_spa-262x300.jpg 262w, https:\/\/3pplast.it\/wp-content\/uploads\/2016\/06\/multik3_gr_spa-768x879.jpg 768w\" sizes=\"auto, (max-width: 800px) 100vw, 800px\" \/><\/a><\/p>\n<\/div>\n","protected":false},"excerpt":{"rendered":"<p>Tabla de predimensionamiento La tabla ofrece el valor de la carga m\u00e1xima aplicable, obtenido de la suma de accidental y permanente, en funci\u00f3n del espesor de la losa superior y del tipo de mallazo electrosoldado. Adem\u00e1s, est\u00e1 marcado con colores diferentes el mecanismo de rotura de la losa. Para condiciones de carga especiales (por ejemplo, [&hellip;]<\/p>\n","protected":false},"author":15,"featured_media":0,"parent":0,"menu_order":7,"comment_status":"closed","ping_status":"closed","template":"","meta":{"_acf_changed":false,"footnotes":""},"class_list":["post-3512","page","type-page","status-publish","hentry"],"acf":[],"_links":{"self":[{"href":"https:\/\/3pplast.it\/es\/wp-json\/wp\/v2\/pages\/3512","targetHints":{"allow":["GET"]}}],"collection":[{"href":"https:\/\/3pplast.it\/es\/wp-json\/wp\/v2\/pages"}],"about":[{"href":"https:\/\/3pplast.it\/es\/wp-json\/wp\/v2\/types\/page"}],"author":[{"embeddable":true,"href":"https:\/\/3pplast.it\/es\/wp-json\/wp\/v2\/users\/15"}],"replies":[{"embeddable":true,"href":"https:\/\/3pplast.it\/es\/wp-json\/wp\/v2\/comments?post=3512"}],"version-history":[{"count":2,"href":"https:\/\/3pplast.it\/es\/wp-json\/wp\/v2\/pages\/3512\/revisions"}],"predecessor-version":[{"id":3523,"href":"https:\/\/3pplast.it\/es\/wp-json\/wp\/v2\/pages\/3512\/revisions\/3523"}],"wp:attachment":[{"href":"https:\/\/3pplast.it\/es\/wp-json\/wp\/v2\/media?parent=3512"}],"curies":[{"name":"wp","href":"https:\/\/api.w.org\/{rel}","templated":true}]}}