{"id":2621,"date":"2016-06-03T16:48:00","date_gmt":"2016-06-03T14:48:00","guid":{"rendered":"http:\/\/www.3pplast.it\/es\/accessori-complementari-kappax\/"},"modified":"2016-06-03T17:02:40","modified_gmt":"2016-06-03T15:02:40","slug":"accesorios-complementarios-kappax","status":"publish","type":"page","link":"https:\/\/3pplast.it\/es\/accesorios-complementarios-kappax\/","title":{"rendered":"Accesorios complementarios"},"content":{"rendered":"<div style=\"text-align: left;\">\n<h3>Anillo de uni\u00f3n<\/h3>\n<p><a href=\"https:\/\/3pplast.it\/wp-content\/uploads\/2016\/06\/anello_congiunzione.jpg\"><img loading=\"lazy\" decoding=\"async\" class=\"alignnone size-full wp-image-2556\" src=\"https:\/\/3pplast.it\/wp-content\/uploads\/2016\/06\/anello_congiunzione.jpg\" alt=\"anello_congiunzione\" width=\"250\" height=\"206\" \/><\/a><\/p>\n<p>Se aconseja el uso del anillo de uni\u00f3n en la fase de puesta de los modelos m\u00e1s grandes: H65 &#8211; H70.<\/p>\n<p>&nbsp;<\/p>\n<h3>Borde ELLEX<\/h3>\n<p><a href=\"https:\/\/3pplast.it\/wp-content\/uploads\/2016\/06\/ellex.jpg\"><img loading=\"lazy\" decoding=\"async\" class=\"alignnone size-full wp-image-2560\" src=\"https:\/\/3pplast.it\/wp-content\/uploads\/2016\/06\/ellex.jpg\" alt=\"ellex\" width=\"250\" height=\"284\" \/><\/a><\/p>\n<p>El uso del borde Ellex en las zonas perimetrales de la c\u00e1mara de aire y en las bases achaflanadas tiene una funci\u00f3n doble:<\/p><\/div>\n<ul>\n<li style=\"text-align: left;\">caset\u00f3n de armadura para la viga maestra perimetral;<\/li>\n<li style=\"text-align: left;\">tapadera que impide el paso del hormig\u00f3n hacia la c\u00e1mara de ventilaci\u00f3n durante la fase de vertido.<\/li>\n<\/ul>\n<div style=\"text-align: left;\">\n<table style=\"height: 117px; width: 373px;\">\n<tbody>\n<tr style=\"height: 28px;\">\n<td style=\"width: 169px; height: 28px;\"><strong>Mod. Spondaina<\/strong><\/td>\n<td style=\"width: 188px; height: 28px;\"><strong>Mod. KAPPAX<\/strong><\/td>\n<\/tr>\n<tr style=\"height: 0.533325px;\">\n<td style=\"width: 169px; height: 0.533325px;\">Ellex H 15\/20<\/td>\n<td style=\"width: 188px; height: 0.533325px;\">M5\/H19\/H13\/H15\/H20<\/td>\n<\/tr>\n<tr style=\"height: 0.533325px;\">\n<td style=\"width: 169px; height: 0.533325px;\">Ellex H 27\/30<\/td>\n<td style=\"width: 188px; height: 0.533325px;\">H25\/H27\/H30<\/td>\n<\/tr>\n<tr style=\"height: 0.533325px;\">\n<td style=\"width: 169px; height: 0.533325px;\">Ellex H 35\/40<\/td>\n<td style=\"width: 188px; height: 0.533325px;\">H35\/40<\/td>\n<\/tr>\n<tr style=\"height: 0.533325px;\">\n<td style=\"width: 169px; height: 0.533325px;\">Ellex H 45\/50<\/td>\n<td style=\"width: 188px; height: 0.533325px;\">H45\/H50<\/td>\n<\/tr>\n<tr style=\"height: 0.533325px;\">\n<td style=\"width: 169px; height: 0.533325px;\">Ellex H 55<\/td>\n<td style=\"width: 188px; height: 0.533325px;\">H55<\/td>\n<\/tr>\n<tr style=\"height: 0.533325px;\">\n<td style=\"width: 169px; height: 0.533325px;\">Ellex H 60<\/td>\n<td style=\"width: 188px; height: 0.533325px;\">H60<\/td>\n<\/tr>\n<tr style=\"height: 0.533325px;\">\n<td style=\"width: 169px; height: 0.533325px;\">Ellex H 65<\/td>\n<td style=\"width: 188px; height: 0.533325px;\">H65<\/td>\n<\/tr>\n<tr style=\"height: 0.533325px;\">\n<td style=\"width: 169px; height: 0.533325px;\">Ellex H 70<\/td>\n<td style=\"width: 188px; height: 0.533325px;\">H70<\/td>\n<\/tr>\n<\/tbody>\n<\/table>\n<p>&nbsp;<\/p>\n<h3>TRIPPLEX<\/h3>\n<p><a href=\"https:\/\/3pplast.it\/wp-content\/uploads\/2016\/06\/tripplex.jpg\"><img loading=\"lazy\" decoding=\"async\" class=\"size-full wp-image-2569 alignright\" src=\"https:\/\/3pplast.it\/wp-content\/uploads\/2016\/06\/tripplex.jpg\" alt=\"tripplex\" width=\"250\" height=\"242\" \/><\/a>El elemento Triplex es una extensi\u00f3n ajustable de polipropileno regenerado. Triplex permite cerrar el elemento Kappax con las siguientes funciones:<\/p>\n<ul>\n<li>tapadera que cierra completamente el m\u00f3dulo durante el vertido de hormig\u00f3n;<\/li>\n<li>extensi\u00f3n de fuelle hasta una longitud m\u00e1xima de 35 cm.<\/li>\n<\/ul>\n<p>Disponible para Kappax H55 \u2265\u00ecH70<\/p>\n<p>Las ventajas del elemento Triplex son parecidas a las de Kappax System: se instala r\u00e1pidamente, permite el tr\u00e1nsito peatonal en seco, reduce la necesidad de corte de casetones y crea una estructura monol\u00edtica.<\/p>\n<\/div>\n","protected":false},"excerpt":{"rendered":"<p>Anillo de uni\u00f3n Se aconseja el uso del anillo de uni\u00f3n en la fase de puesta de los modelos m\u00e1s grandes: H65 &#8211; H70. &nbsp; Borde ELLEX El uso del borde Ellex en las zonas perimetrales de la c\u00e1mara de aire y en las bases achaflanadas tiene una funci\u00f3n doble: caset\u00f3n de armadura para la [&hellip;]<\/p>\n","protected":false},"author":15,"featured_media":0,"parent":0,"menu_order":13,"comment_status":"closed","ping_status":"closed","template":"","meta":{"_acf_changed":false,"footnotes":""},"class_list":["post-2621","page","type-page","status-publish","hentry"],"acf":[],"_links":{"self":[{"href":"https:\/\/3pplast.it\/es\/wp-json\/wp\/v2\/pages\/2621","targetHints":{"allow":["GET"]}}],"collection":[{"href":"https:\/\/3pplast.it\/es\/wp-json\/wp\/v2\/pages"}],"about":[{"href":"https:\/\/3pplast.it\/es\/wp-json\/wp\/v2\/types\/page"}],"author":[{"embeddable":true,"href":"https:\/\/3pplast.it\/es\/wp-json\/wp\/v2\/users\/15"}],"replies":[{"embeddable":true,"href":"https:\/\/3pplast.it\/es\/wp-json\/wp\/v2\/comments?post=2621"}],"version-history":[{"count":2,"href":"https:\/\/3pplast.it\/es\/wp-json\/wp\/v2\/pages\/2621\/revisions"}],"predecessor-version":[{"id":2637,"href":"https:\/\/3pplast.it\/es\/wp-json\/wp\/v2\/pages\/2621\/revisions\/2637"}],"wp:attachment":[{"href":"https:\/\/3pplast.it\/es\/wp-json\/wp\/v2\/media?parent=2621"}],"curies":[{"name":"wp","href":"https:\/\/api.w.org\/{rel}","templated":true}]}}