{"id":1774,"date":"2016-06-03T13:14:45","date_gmt":"2016-06-03T11:14:45","guid":{"rendered":"http:\/\/www.3pplast.it\/es\/perche-il-multikappax\/"},"modified":"2016-06-07T17:07:40","modified_gmt":"2016-06-07T15:07:40","slug":"porque-multikappax","status":"publish","type":"page","link":"https:\/\/3pplast.it\/es\/porque-multikappax\/","title":{"rendered":"Porqu\u00e9 MULTIKAPPAX?"},"content":{"rendered":"<p style=\"text-align: left;\"><strong>MULTIKAPPAX H5<\/strong> ofrece la ventaja de poder emplearse donde el espesor a disposici\u00f3n es m\u00ednimo, la puesta en obra se ve facilitada por el sistema de encastre y puede ser efectuada en superficies incluso solo parcialmente preparadas.<\/p>\n<p style=\"text-align: left;\">Este producto prev\u00e9 su m\u00e1xima expresi\u00f3n en la utilizaci\u00f3n como alternativa a los suelos flotantes para la distribuci\u00f3n de redes tecnol\u00f3gicas (el\u00e9ctricas, hidr\u00e1ulicas, inform\u00e1ticas, etc.) y en la realizaci\u00f3n de techos ventilados.<\/p>\n<p style=\"text-align: left;\">Por lo tanto, es fundamental tanto la forma y la estructura que no solo sujetan el peso del hormig\u00f3n de limpieza o de la teja acanalada, sino que tambi\u00e9n ofrece un adecuado aislamiento t\u00e9rmico y ac\u00fastico.<\/p>\n<p style=\"text-align: left;\"><img loading=\"lazy\" decoding=\"async\" class=\"size-medium wp-image-1762 aligncenter\" src=\"https:\/\/3pplast.it\/wp-content\/uploads\/2016\/06\/multikappax-300x122.jpg\" alt=\"MULTIKAPPAX H5: la massima areazione nel minimo spazio\" width=\"300\" height=\"122\" srcset=\"https:\/\/3pplast.it\/wp-content\/uploads\/2016\/06\/multikappax-300x122.jpg 300w, https:\/\/3pplast.it\/wp-content\/uploads\/2016\/06\/multikappax.jpg 400w\" sizes=\"auto, (max-width: 300px) 100vw, 300px\" \/><\/p>\n<h3 style=\"text-align: left;\">Aplicaciones<\/h3>\n<p style=\"text-align: left;\"><strong>REHABILITACIONES<br \/>\n<\/strong>El uso del MULTIKAPPAX H5 en estas situaciones est\u00e1 especialmente indicado en virtud de la estructura alveolar y de las reducidas dimensiones en t\u00e9rminos de altura.<\/p>\n<p style=\"text-align: left;\"><strong>AISLAMIENTO<br \/>\n<\/strong>El MULTIKAPPAX H5 se aconseja para el aislamiento de suelos acabados de madera o moquetas, desde siempre sensibles a los problemas de humedad, condensaci\u00f3n y moho.<\/p>\n<p style=\"text-align: left;\"><strong>LIGEREZA<\/strong><br \/>\nMULTIKAPPAX H5 permite una reducci\u00f3n del peso del forjado.<\/p>\n<h3 style=\"text-align: left;\">Techos ventilados<\/h3>\n<p style=\"text-align: left;\"><strong><img loading=\"lazy\" decoding=\"async\" class=\"size-full wp-image-1765 alignright\" src=\"https:\/\/3pplast.it\/wp-content\/uploads\/2016\/06\/tetti_ventilati.jpg\" alt=\"MULTIKAPPAX: tetti ventilati\" width=\"250\" height=\"179\" \/><\/strong>El <strong>MULTIKAPPAX H5<\/strong> ha sido realizado pensando tambi\u00e9n en la ventilaci\u00f3n debajo de teja mejorando la comodidad en la vivienda y prolongando la duraci\u00f3n de la cobertura.<\/p>\n<p style=\"text-align: left;\">El uso del MULTIKAPPAX H5 para la realizaci\u00f3n de los techos ventilados:<\/p>\n<ul style=\"text-align: left;\">\n<li>Reduce la transmisi\u00f3n del calor y el choque t\u00e9rmico entre interior y exterior, haciendo que la parte bajo el tejado sea m\u00e1s fresca en verano y m\u00e1s caliente en invierno.<\/li>\n<li>Elimina la humedad entre la teja acanalada (teja) y la vaina impermeabilizante.<\/li>\n<li>Evita la formaci\u00f3n de condensaci\u00f3n que puede poner en peligro la vida de la teja acanalada misma y penetrar hasta el techo.<\/li>\n<li>Aten\u00faa los ruidos ambientales exteriores y los derivados de los eventos meteorol\u00f3gicos.<\/li>\n<li>Aligera la cobertura, caracter\u00edstica favorable en caso de techos de madera.<\/li>\n<\/ul>\n<h3 style=\"text-align: left;\">Puesta en obra<\/h3>\n<p style=\"text-align: left;\"><img loading=\"lazy\" decoding=\"async\" class=\"size-full wp-image-1768 alignright\" src=\"https:\/\/3pplast.it\/wp-content\/uploads\/2016\/06\/posa_in_opera.jpg\" alt=\"MULTIKAPPAX: posa in opera\" width=\"250\" height=\"221\" \/>Una peculiaridad del sistema es la sencillez de la puesta en encastre: Una vez sobrepuestos uno con otro se obtiene una plataforma estable y que se puede transitar en la cual se puede efectuar el vertido de hormig\u00f3n.<\/p>\n<ul style=\"text-align: left;\">\n<li style=\"text-align: left;\">Realizaci\u00f3n del hormig\u00f3n magro (en caso de rehabilitaci\u00f3n la base de puesta del MULTIKAPPAX H5 podr\u00e1 ser el suelo o el hormig\u00f3n de limpieza existente).<\/li>\n<li style=\"text-align: left;\">Puesta del MULTIKAPPAX H5.<\/li>\n<li style=\"text-align: left;\">Puesta de las instalaciones.<\/li>\n<li style=\"text-align: left;\">Puesta del mallazo electrosoldado.<\/li>\n<li style=\"text-align: left;\">Vertido de la losa de hormig\u00f3n.<\/li>\n<li style=\"text-align: left;\">Realizaci\u00f3n de una eventual capa de aislamiento termo-ac\u00fastico.<\/li>\n<li style=\"text-align: left;\">Realizaci\u00f3n de la solera de hormig\u00f3n.<\/li>\n<li style=\"text-align: left;\">Puesta del pavimento.<\/li>\n<\/ul>\n<p style=\"text-align: left;\"><strong>Terminolog\u00eda y enlaces de inter\u00e9s<\/strong><\/p>\n<p style=\"text-align: left;\"><em><strong>El rad\u00f3n<\/strong><\/em><br \/>\nEl rad\u00f3n es un gas radioactivo natural, sin olor, color, y extremadamente vol\u00e1til.<br \/>\nSe forma por la desintegraci\u00f3n radiactivo del uranio natural y es liberado por el terrenos (m\u00e1s concretamente las lavas, rocas volc\u00e1nicas, rocas volc\u00e1nicas fragmentarias), por las rocas y en menor medida por el agua, en la cual puede disolverse.<br \/>\nEl camino que normalmente recorre para introducirse en un edificio es el que pasa a trav\u00e9s de ranuras y peque\u00f1os agujeros de los s\u00f3tanos y en los planos semienterrados<\/p>\n","protected":false},"excerpt":{"rendered":"<p>MULTIKAPPAX H5 ofrece la ventaja de poder emplearse donde el espesor a disposici\u00f3n es m\u00ednimo, la puesta en obra se ve facilitada por el sistema de encastre y puede ser efectuada en superficies incluso solo parcialmente preparadas. Este producto prev\u00e9 su m\u00e1xima expresi\u00f3n en la utilizaci\u00f3n como alternativa a los suelos flotantes para la distribuci\u00f3n [&hellip;]<\/p>\n","protected":false},"author":15,"featured_media":0,"parent":0,"menu_order":29,"comment_status":"closed","ping_status":"closed","template":"","meta":{"_acf_changed":false,"footnotes":""},"class_list":["post-1774","page","type-page","status-publish","hentry"],"acf":[],"_links":{"self":[{"href":"https:\/\/3pplast.it\/es\/wp-json\/wp\/v2\/pages\/1774","targetHints":{"allow":["GET"]}}],"collection":[{"href":"https:\/\/3pplast.it\/es\/wp-json\/wp\/v2\/pages"}],"about":[{"href":"https:\/\/3pplast.it\/es\/wp-json\/wp\/v2\/types\/page"}],"author":[{"embeddable":true,"href":"https:\/\/3pplast.it\/es\/wp-json\/wp\/v2\/users\/15"}],"replies":[{"embeddable":true,"href":"https:\/\/3pplast.it\/es\/wp-json\/wp\/v2\/comments?post=1774"}],"version-history":[{"count":5,"href":"https:\/\/3pplast.it\/es\/wp-json\/wp\/v2\/pages\/1774\/revisions"}],"predecessor-version":[{"id":3531,"href":"https:\/\/3pplast.it\/es\/wp-json\/wp\/v2\/pages\/1774\/revisions\/3531"}],"wp:attachment":[{"href":"https:\/\/3pplast.it\/es\/wp-json\/wp\/v2\/media?parent=1774"}],"curies":[{"name":"wp","href":"https:\/\/api.w.org\/{rel}","templated":true}]}}